{"id":1556,"date":"2019-04-29T09:32:49","date_gmt":"2019-04-29T09:32:49","guid":{"rendered":"http:\/\/isnextprd.wpengine.com\/fr\/?page_id=1556"},"modified":"2019-08-29T10:31:37","modified_gmt":"2019-08-29T10:31:37","slug":"home-page-2","status":"publish","type":"page","link":"https:\/\/nextstrategy.amnesty.org\/fr\/","title":{"rendered":"Nouvelle page d&rsquo;accueil"},"content":{"rendered":"<section id=\"section-c5001194\" class=\"section\" style=\"\"><div id=\"c5001194\" class=\"container\">\n<section class=\"wp-block-amnesty-core-block-section section\"><div class=\"container\"><div class=\"container\"><div class=\"hero-content\"><\/div><\/div><\/div>\n\n\n\n<\/div><\/section>\n<\/div><\/section>\n\n\n<style>\n.btn--white {\n    border: None;\n    background-color: #ffff00;\n    color: #000;\n    font-size: 1.8em;\n}\n.postlist-categories a {\nborder: none;\n}\n\np.page-heroContent {\n    max-width: 760px;\n}\n\n.postlist-categoriesContainer {\n    margin-top: 0px\n}\n\nbody {\n    font-size: 1.225rem;\n}\n\n<\/style>\n\n\n\n<!-- To use styles apply x classes to each section added -->\n<style> \n.yellow {background-color: #ffff00;}\n.black {background-color: #000000; color:#fff;}\n.black h2 {color: #fff;}\n.darkgrey {background-color: #333333;}\n<\/style>\n\n\n<section id=\"section-b22b578c\" class=\"section section--tinted section--small\" style=\"\"><div id=\"b22b578c\" class=\"container\">\n<section class=\"wp-block-amnesty-core-block-section section section--tinted section--small\"><div class=\"container\">\n<h2 class=\"wp-block-heading\" style=\"text-align:center\">Rendre Amnesty International v\u00e9ritablement capable d\u2019affronter les d\u00e9fis de notre \u00e9poque<\/h2>\n<\/div><\/section>\n<\/div><\/section>\n\n<section id=\"section-ef02e4b9\" class=\"section section--small\" style=\"\"><div id=\"ef02e4b9\" class=\"container\">\n<section class=\"wp-block-amnesty-core-block-section section section--small black\"><div class=\"container\"><section class=\"postlist-categoriesContainer \" data-slider><nav><ul class=\"postlist-categories\" aria-label=\"Liste Cat\u00e9gorie\"><li id=\"menu-item-1483\" class=\"menu-item menu-item-type-post_type menu-item-object-page menu-item-1483\"><a href=\"https:\/\/nextstrategy.amnesty.org\/fr\/evenements\/\" class=\"btn btn--white\">\u00c9V\u00c9NEMENTS<\/a><\/li><li id=\"menu-item-1484\" class=\"menu-item menu-item-type-post_type menu-item-object-page menu-item-1484\"><a href=\"https:\/\/nextstrategy.amnesty.org\/fr\/survey\/\" class=\"btn btn--white\">PARTICIPER \u00c0 L\u2019ENQU\u00caTE<\/a><\/li><li id=\"menu-item-1907\" class=\"menu-item menu-item-type-post_type menu-item-object-page menu-item-1907\"><a href=\"https:\/\/nextstrategy.amnesty.org\/fr\/blogs\/\" class=\"btn btn--white\">BLOGS<\/a><\/li><\/ul><\/nav><button data-slider-prev disabled>Previous<\/button><button data-slider-next>Next<\/button><\/section><\/div><\/section>\n<\/div><\/section>\n\n<section id=\"section-b754c326\" class=\"section section--small\" style=\"\"><div id=\"b754c326\" class=\"container\">\n<section class=\"wp-block-amnesty-core-block-section section section--small black\"><div class=\"container\">\n<div class=\"wp-block-amnesty-core-block-row row layout-2\/3|1\/3\">\n<div class=\"rowColumn\">\n<figure class=\"wp-block-embed-youtube wp-block-embed is-type-video is-provider-youtube wp-embed-aspect-16-9 wp-has-aspect-ratio\"><div class=\"wp-block-embed__wrapper\">\n<iframe loading=\"lazy\" title=\"Kumi Challenges External\" width=\"500\" height=\"281\" src=\"https:\/\/www.youtube.com\/embed\/KNd1ftBcjc8?feature=oembed\" frameborder=\"0\" allow=\"accelerometer; autoplay; clipboard-write; encrypted-media; gyroscope; picture-in-picture; web-share\" referrerpolicy=\"strict-origin-when-cross-origin\" allowfullscreen><\/iframe>\n<\/div><\/figure>\n<\/div>\n\n\n\n<div class=\"rowColumn\">\n\n\n\n<blockquote class=\"blockquote is-lined\"><p>UNE ORGANSATION PLUS GRANDE, PLUS AUDACIEUSE ET PLUS OUVERTE \u00c0 LA DIVERSIT\u00c9<\/p>\n<cite>Kumi Naidoo, secr\u00e9taire g\u00e9n\u00e9ral<\/cite><\/blockquote><\/div>\n<\/div>\n<\/div><\/section>\n<\/div><\/section>\n\n<figure class=\"responsive-iframe wp-block-embed \" ><div class=\"fluid-iframe\" style=\"min-height: 350px;\"><iframe src=\"https:\/\/www.facebook.com\/amnestyglobal\/\" title=\"\" frameborder=\"0\"><\/iframe><\/div><\/figure>\n\n<section id=\"section-065a8303\" class=\"section section--small\" style=\"\"><div id=\"065a8303\" class=\"container\">\n<section class=\"wp-block-amnesty-core-block-section section section--small\"><div class=\"container\">\n<h2 class=\"wp-block-heading\" style=\"text-align:center\">COMMENT PARTICIPER ?<\/h2>\n<\/div><\/section>\n<\/div><\/section>\n\n<section id=\"section-472dbf94\" class=\"section\" style=\"\"><div id=\"472dbf94\" class=\"container\">\n<section class=\"wp-block-amnesty-core-block-section section\"><div class=\"container\">\n<div class=\"linksWithIcons-group is-horizontal has-3-items\">\n<div class=\"linksWithIcons\"><div class=\"linksWithIcons-title\">\u00c9V\u00c9NEMENTS<\/div><div class=\"linksWithIcons-imageWrapper is-large\"><img decoding=\"async\" class=\"linksWithIcons-image\" src=\"https:\/\/nextstrategy.amnesty.org\/fr\/wp-content\/uploads\/sites\/9\/2019\/03\/211577.png\" alt=\"\"\/><\/div><div class=\"linksWithIcons-body\">Nous allons organiser partout dans le monde des \u00e9v\u00e9nements en direct avec des intervenant\u00b7e\u00b7s  passionnants afin de d\u00e9battre de la nouvelle strat\u00e9gie et de faire na\u00eetre des id\u00e9es. Ces \u00e9v\u00e9nements seront diffus\u00e9s en ligne en temps r\u00e9el. <\/div><a class=\"btn btn--white\" href=\"https:\/\/isnextprd.wpengine.com\/fr\/events\/\">\u00c9V\u00c9NEMENTS<\/a><\/div><div class=\"linksWithIcons-spacer\"><\/div>\n\n\n\n<div class=\"linksWithIcons\"><div class=\"linksWithIcons-title\">R\u00c9SULTATS DE L&rsquo;ENQU\u00caTE<br><\/div><div class=\"linksWithIcons-imageWrapper is-large\"><img decoding=\"async\" class=\"linksWithIcons-image\" src=\"https:\/\/nextstrategy.amnesty.org\/wp-content\/uploads\/sites\/15\/2019\/03\/211479.png\" alt=\"\"\/><\/div><div class=\"linksWithIcons-body\">Le 6 mai, nous allons lancer une enqu\u00eate mondiale pour recueillir des id\u00e9es sur une plateforme participative intitul\u00e9e Pol.is. Prenez part \u00e0 la conversation en ligne en proposant des id\u00e9es pour la nouvelle strat\u00e9gie d\u2019Amnesty International, puis votez (pour, contre ou abstention) sur les id\u00e9es des autres.<br><br><\/div><a class=\"btn btn--white\" href=\"https:\/\/isnextprd.wpengine.com\/fr\/survey\/\">R\u00c9SULTATS DE L&rsquo;ENQU\u00caTE<\/a><\/div><div class=\"linksWithIcons-spacer\"><\/div>\n\n\n\n<div class=\"linksWithIcons\"><div class=\"linksWithIcons-title\">BLOGS<\/div><div class=\"linksWithIcons-imageWrapper\"><img decoding=\"async\" class=\"linksWithIcons-image\" src=\"https:\/\/nextstrategy.amnesty.org\/wp-content\/uploads\/sites\/15\/2019\/03\/211526.png\" alt=\"\"\/><\/div><div class=\"linksWithIcons-body\">Restez inform\u00e9\u00b7e de nos derni\u00e8res r\u00e9flexions et pistes innovantes pour l\u2019avenir d\u2019amnesty<\/div><a class=\"btn btn--white\" href=\"https:\/\/isnextprd.wpengine.com\/fr\/blogs\/\">Blogs<\/a><\/div><div class=\"linksWithIcons-spacer\"><\/div>\n<\/div>\n<\/div><\/section>\n<\/div><\/section>\n\n<style>#banner-df232414{background-image:url(\"\/wp-content\/uploads\/sites\/15\/2019\/03\/251240.jpg\")}@media screen and (min-width:770px){#banner-df232414{background-image:url(\"\/wp-content\/uploads\/sites\/15\/2019\/03\/251240.jpg\")}}@media screen and (min-width:1444px){#banner-df232414{background-image:url(\"\/wp-content\/uploads\/sites\/15\/2019\/03\/251240.jpg\")}}<\/style><div id=\"banner-df232414\" class=\"page-hero headerBlock page-heroSize--small page-heroAlignment--none page-heroBackground--dark\" role=\"region\"><div class=\"container\"><div class=\"hero-content\"><h1 class=\"page-heroTitle\"><span>VOUS \u00caTES UNE ENTIT\u00c9 OU UN PARTENAIRE D\u2019AMNESTY INTERNATIONAL ?<\/span><\/h1><p class=\"page-heroContent\">Si vous \u00eates une section ou un bureau national d\u2019Amnesty International, un bureau r\u00e9gional ou un programme mondial du Secr\u00e9tariat international, ou un r\u00e9seau ou groupe mondial ou interorganisationnel, vous pouvez apporter une contribution officielle \u00e0 la strat\u00e9gie. Votre directeur ou directrice doit avoir re\u00e7u un courriel pr\u00e9cisant les modalit\u00e9s de cette contribution.<\/p><div class=\"page-heroCta\"><a class=\"btn btn--large\" href=\"mailto:globalstrategy@amnesty.org\">Contactez-nous !<\/a><\/div><\/div><div class=\"image-metadata is-image\"><\/div><\/div><\/div>","protected":false},"excerpt":{"rendered":"","protected":false},"author":5,"featured_media":1285,"parent":0,"menu_order":0,"comment_status":"closed","ping_status":"closed","template":"templates\/without-sidebar.php","meta":{"_hero_title":"PROCHAINE STRAT\u00c9GIE","_hero_content":"Nous sommes en train d\u2019\u00e9laborer la prochaine strat\u00e9gie mondiale d\u2019Amnesty International. Nous voulons une strat\u00e9gie qui nous permette de relever les d\u00e9fis de notre temps et d\u2019adapter nos tactiques aux \u00e9volutions du monde qui nous entoure. ","_hero_cta_text":"PARTICIPER","_hero_cta_link":"https:\/\/isnextprd.wpengine.com\/fr\/survey\/","_hero_alignment":"","_hero_background":"","_hero_size":"small","_hero_show":"","_hero_type":"","_hero_embed":"","_hero_video_id":0,"_hero_hide_image_caption":true,"_hero_hide_image_copyright":false,"_nav_style":"transparent-light","_disable_share_icons":true,"_disable_sidebar":true,"_display_author_info":false,"_hide_featured_image":true,"_hide_featured_image_caption":true,"_maximize_post_content":true,"_reduce_content_width":false,"_sidebar_id":0,"_stretch_thumbnail":false,"byline_context":"","byline_entity":"","byline_is_author":false,"disable_related_content":false,"download_id":0,"download_text":"","show_published_date":true,"show_updated_date":true,"term_slider":"","amnesty_index_number":"","recipients":"","recipients_refresh":"","recipients_refreshed":"","footnotes":""},"category":[],"topic":[],"class_list":["post-1556","page","type-page","status-publish","has-post-thumbnail","hentry"],"yoast_head":"<title>Nouvelle page d&#039;accueil - PROCHAINE STRAT\u00c9GIE<\/title>\n<meta name=\"description\" content=\"More information on Amnesty International&#039;s next global strategy coming soon.\" \/>\n<meta name=\"robots\" content=\"index, follow, max-snippet:-1, max-image-preview:large, max-video-preview:-1\" \/>\n<meta property=\"og:locale\" content=\"fr_FR\" \/>\n<meta property=\"og:type\" content=\"article\" \/>\n<meta property=\"og:title\" content=\"Amnesty&#039;s Next Global Strategy\" \/>\n<meta property=\"og:description\" content=\"Find out more\" \/>\n<meta property=\"og:url\" content=\"https:\/\/nextstrategy.amnesty.org\/fr\/\" \/>\n<meta property=\"og:site_name\" content=\"PROCHAINE STRAT\u00c9GIE\" \/>\n<meta property=\"article:modified_time\" content=\"2019-08-29T10:31:37+00:00\" \/>\n<meta property=\"og:image\" content=\"https:\/\/nextstrategy.amnesty.org\/wp-content\/uploads\/sites\/15\/2019\/03\/251328Darkened.jpg\" \/>\n\t<meta property=\"og:image:width\" content=\"2944\" \/>\n\t<meta property=\"og:image:height\" content=\"1244\" \/>\n\t<meta property=\"og:image:type\" content=\"image\/jpeg\" \/>\n<meta name=\"twitter:card\" content=\"summary_large_image\" \/>\n<script type=\"application\/ld+json\" class=\"yoast-schema-graph\">{\"@context\":\"https:\\\/\\\/schema.org\",\"@graph\":[{\"@type\":\"WebPage\",\"@id\":\"https:\\\/\\\/nextstrategy.amnesty.org\\\/fr\\\/\",\"url\":\"https:\\\/\\\/nextstrategy.amnesty.org\\\/fr\\\/\",\"name\":\"Nouvelle page d'accueil - PROCHAINE STRAT\u00c9GIE\",\"isPartOf\":{\"@id\":\"https:\\\/\\\/nextstrategy.amnesty.org\\\/fr\\\/#website\"},\"primaryImageOfPage\":{\"@id\":\"https:\\\/\\\/nextstrategy.amnesty.org\\\/fr\\\/#primaryimage\"},\"image\":{\"@id\":\"https:\\\/\\\/nextstrategy.amnesty.org\\\/fr\\\/#primaryimage\"},\"thumbnailUrl\":\"\\\/wp-content\\\/uploads\\\/sites\\\/15\\\/2019\\\/03\\\/251328Darkened.jpg\",\"datePublished\":\"2019-04-29T09:32:49+00:00\",\"dateModified\":\"2019-08-29T10:31:37+00:00\",\"description\":\"More information on Amnesty International's next global strategy coming soon.\",\"breadcrumb\":{\"@id\":\"https:\\\/\\\/nextstrategy.amnesty.org\\\/fr\\\/#breadcrumb\"},\"inLanguage\":\"fr-FR\",\"potentialAction\":[{\"@type\":\"ReadAction\",\"target\":[\"https:\\\/\\\/nextstrategy.amnesty.org\\\/fr\\\/\"]}]},{\"@type\":\"ImageObject\",\"inLanguage\":\"fr-FR\",\"@id\":\"https:\\\/\\\/nextstrategy.amnesty.org\\\/fr\\\/#primaryimage\",\"url\":\"\\\/wp-content\\\/uploads\\\/sites\\\/15\\\/2019\\\/03\\\/251328Darkened.jpg\",\"contentUrl\":\"\\\/wp-content\\\/uploads\\\/sites\\\/15\\\/2019\\\/03\\\/251328Darkened.jpg\",\"width\":2944,\"height\":1244,\"caption\":\"Assembly General Meeting 2018 of AI Swiss Section held at the Congress Center of the Universal Postal Union (UPU) in Berne, Switzerland, 5-6 may 2018, Amnesty YOUTH activist.\"},{\"@type\":\"BreadcrumbList\",\"@id\":\"https:\\\/\\\/nextstrategy.amnesty.org\\\/fr\\\/#breadcrumb\",\"itemListElement\":[{\"@type\":\"ListItem\",\"position\":1,\"name\":\"Home\",\"item\":\"https:\\\/\\\/nextstrategy.amnesty.org\\\/fr\\\/\"},{\"@type\":\"ListItem\",\"position\":2,\"name\":\"Nouvelle page d&rsquo;accueil\"}]},{\"@type\":\"WebSite\",\"@id\":\"https:\\\/\\\/nextstrategy.amnesty.org\\\/fr\\\/#website\",\"url\":\"https:\\\/\\\/nextstrategy.amnesty.org\\\/fr\\\/\",\"name\":\"PROCHAINE STRAT\u00c9GIE\",\"description\":\"La prochaine strat\u00e9gie mondiale d\u2019Amnesty International\",\"potentialAction\":[{\"@type\":\"SearchAction\",\"target\":{\"@type\":\"EntryPoint\",\"urlTemplate\":\"https:\\\/\\\/nextstrategy.amnesty.org\\\/fr\\\/search\\\/{search_term_string}\\\/\"},\"query-input\":{\"@type\":\"PropertyValueSpecification\",\"valueRequired\":true,\"valueName\":\"search_term_string\"}}],\"inLanguage\":\"fr-FR\"}]}<\/script>","yoast_head_json":{"title":"Nouvelle page d'accueil - PROCHAINE STRAT\u00c9GIE","description":"More information on Amnesty International's next global strategy coming soon.","robots":{"index":"index","follow":"follow","max-snippet":"max-snippet:-1","max-image-preview":"max-image-preview:large","max-video-preview":"max-video-preview:-1"},"og_locale":"fr_FR","og_type":"article","og_title":"Amnesty's Next Global Strategy","og_description":"Find out more","og_url":"https:\/\/nextstrategy.amnesty.org\/fr\/","og_site_name":"PROCHAINE STRAT\u00c9GIE","article_modified_time":"2019-08-29T10:31:37+00:00","og_image":[{"width":2944,"height":1244,"url":"https:\/\/nextstrategy.amnesty.org\/wp-content\/uploads\/sites\/15\/2019\/03\/251328Darkened.jpg","type":"image\/jpeg"}],"twitter_card":"summary_large_image","schema":{"@context":"https:\/\/schema.org","@graph":[{"@type":"WebPage","@id":"https:\/\/nextstrategy.amnesty.org\/fr\/","url":"https:\/\/nextstrategy.amnesty.org\/fr\/","name":"Nouvelle page d'accueil - PROCHAINE STRAT\u00c9GIE","isPartOf":{"@id":"https:\/\/nextstrategy.amnesty.org\/fr\/#website"},"primaryImageOfPage":{"@id":"https:\/\/nextstrategy.amnesty.org\/fr\/#primaryimage"},"image":{"@id":"https:\/\/nextstrategy.amnesty.org\/fr\/#primaryimage"},"thumbnailUrl":"\/wp-content\/uploads\/sites\/15\/2019\/03\/251328Darkened.jpg","datePublished":"2019-04-29T09:32:49+00:00","dateModified":"2019-08-29T10:31:37+00:00","description":"More information on Amnesty International's next global strategy coming soon.","breadcrumb":{"@id":"https:\/\/nextstrategy.amnesty.org\/fr\/#breadcrumb"},"inLanguage":"fr-FR","potentialAction":[{"@type":"ReadAction","target":["https:\/\/nextstrategy.amnesty.org\/fr\/"]}]},{"@type":"ImageObject","inLanguage":"fr-FR","@id":"https:\/\/nextstrategy.amnesty.org\/fr\/#primaryimage","url":"\/wp-content\/uploads\/sites\/15\/2019\/03\/251328Darkened.jpg","contentUrl":"\/wp-content\/uploads\/sites\/15\/2019\/03\/251328Darkened.jpg","width":2944,"height":1244,"caption":"Assembly General Meeting 2018 of AI Swiss Section held at the Congress Center of the Universal Postal Union (UPU) in Berne, Switzerland, 5-6 may 2018, Amnesty YOUTH activist."},{"@type":"BreadcrumbList","@id":"https:\/\/nextstrategy.amnesty.org\/fr\/#breadcrumb","itemListElement":[{"@type":"ListItem","position":1,"name":"Home","item":"https:\/\/nextstrategy.amnesty.org\/fr\/"},{"@type":"ListItem","position":2,"name":"Nouvelle page d&rsquo;accueil"}]},{"@type":"WebSite","@id":"https:\/\/nextstrategy.amnesty.org\/fr\/#website","url":"https:\/\/nextstrategy.amnesty.org\/fr\/","name":"PROCHAINE STRAT\u00c9GIE","description":"La prochaine strat\u00e9gie mondiale d\u2019Amnesty International","potentialAction":[{"@type":"SearchAction","target":{"@type":"EntryPoint","urlTemplate":"https:\/\/nextstrategy.amnesty.org\/fr\/search\/{search_term_string}\/"},"query-input":{"@type":"PropertyValueSpecification","valueRequired":true,"valueName":"search_term_string"}}],"inLanguage":"fr-FR"}]}},"_links":{"self":[{"href":"https:\/\/nextstrategy.amnesty.org\/fr\/wp-json\/wp\/v2\/pages\/1556","targetHints":{"allow":["GET"]}}],"collection":[{"href":"https:\/\/nextstrategy.amnesty.org\/fr\/wp-json\/wp\/v2\/pages"}],"about":[{"href":"https:\/\/nextstrategy.amnesty.org\/fr\/wp-json\/wp\/v2\/types\/page"}],"author":[{"embeddable":true,"href":"https:\/\/nextstrategy.amnesty.org\/fr\/wp-json\/wp\/v2\/users\/5"}],"replies":[{"embeddable":true,"href":"https:\/\/nextstrategy.amnesty.org\/fr\/wp-json\/wp\/v2\/comments?post=1556"}],"version-history":[{"count":0,"href":"https:\/\/nextstrategy.amnesty.org\/fr\/wp-json\/wp\/v2\/pages\/1556\/revisions"}],"wp:featuredmedia":[{"embeddable":true,"href":"https:\/\/nextstrategy.amnesty.org\/fr\/wp-json\/wp\/v2\/media\/1285"}],"wp:attachment":[{"href":"https:\/\/nextstrategy.amnesty.org\/fr\/wp-json\/wp\/v2\/media?parent=1556"}],"wp:term":[{"taxonomy":"category","embeddable":true,"href":"https:\/\/nextstrategy.amnesty.org\/fr\/wp-json\/wp\/v2\/category?post=1556"},{"taxonomy":"topic","embeddable":true,"href":"https:\/\/nextstrategy.amnesty.org\/fr\/wp-json\/wp\/v2\/topic?post=1556"}],"curies":[{"name":"wp","href":"https:\/\/api.w.org\/{rel}","templated":true}]}}