{"id":1454,"date":"2019-04-26T09:55:20","date_gmt":"2019-04-26T09:55:20","guid":{"rendered":"http:\/\/isnextprd.wpengine.com\/fr\/?page_id=1454"},"modified":"2019-06-14T14:39:12","modified_gmt":"2019-06-14T14:39:12","slug":"evenements","status":"publish","type":"page","link":"https:\/\/nextstrategy.amnesty.org\/fr\/evenements\/","title":{"rendered":"\u00c9V\u00c9NEMENTS"},"content":{"rendered":"<section id=\"section-b6ccecdb\" class=\"section section--no-padding\" style=\"\"><div id=\"b6ccecdb\" class=\"container\">\n<section class=\"wp-block-amnesty-core-block-section section section--no-padding\"><div class=\"container\"><div class=\"container\"><div class=\"hero-content\"><\/div><\/div><\/div><\/div><\/section>\n<\/div><\/section>\n\n<section id=\"section-f563ba7e\" class=\"section section--tinted section--small\" style=\"\"><div id=\"f563ba7e\" class=\"container\">\n<section class=\"wp-block-amnesty-core-block-section section section--tinted section--small\"><div class=\"container\">\n<h4 class=\"wp-block-heading\" style=\"text-align:center\">Participez \u00e0 nos \u00e9v\u00e9nements #NextStrategy diffus\u00e9s en direct et dans le monde entier avec des intervenant\u00b7e\u00b7s passionnants afin de d\u00e9battre de la nouvelle strat\u00e9gie et de faire na\u00eetre des id\u00e9es.<\/h4>\n<\/div><\/section>\n<\/div><\/section>\n\n<section id=\"section-36f226c9\" class=\"section\" style=\"\"><div id=\"36f226c9\" class=\"container\">\n<section class=\"wp-block-amnesty-core-block-section section\"><div class=\"container\">\n<div class=\"wp-block-amnesty-core-block-row row layout-1\/2|1\/2\">\n<div class=\"rowColumn\">\n<h2 class=\"wp-block-heading\" id=\"mce_4\">Webinaire \u2013 Diversit\u00e9 et partenariats<\/h2>\n\n\n\n<h3 class=\"wp-block-heading\" id=\"mce_5\">27 juin 2019<\/h3>\n\n\n\n<h3 class=\"wp-block-heading\" id=\"mce_2\">9:30-11:00 GMT<\/h3>\n\n\n\n<div class=\"wp-block-button\"><a class=\"wp-block-button__link\" href=\"https:\/\/www.eventbrite.co.uk\/e\/diversity-partnerships-nextstrategy-webinar-amnesty-international-registration-62640500423\">Inscrivez-vous ici<\/a><\/div>\n\n\n\n<p><em>Comment Amnesty International peut-elle devenir un meilleur partenaire pour celles et ceux qui luttent en faveur de la justice sociale&nbsp;?  Des nouveaux combats f\u00e9ministes \u00e0 ceux des travailleurs en passant par les luttes pour la justice raciale et climatique, nous constatons que des mouvements en faveur de la justice sociale prennent de l\u2019ampleur dans le monde et inspirent une nouvelle g\u00e9n\u00e9ration de militant\u00b7e\u00b7s. Il est essentiel qu\u2019Amnesty International se demande comment \u00eatre plus inclusive et plus accessible pour tisser des liens avec celles et ceux qui se battent pour la justice sociale et pour apprendre de ces personnes. Comment Amnesty peut-elle devenir un meilleur partenaire pour celles et ceux qui luttent pour la justice sociale&nbsp;? Quels sont les th\u00e8mes auxquels Amnesty doit s\u2019ouvrir pour \u00eatre utile aux personnes les plus marginalis\u00e9es&nbsp;? Quel mod\u00e8le de militantisme nous rendra plus ouverts \u00e0 la diversit\u00e9 et permettra de donner une voix\/du pouvoir \u00e0 celles et ceux qui n\u2019en ont pas&nbsp;? Participez \u00e0 notre webinaire multilingue le 27&nbsp;juin de 9&nbsp;h&nbsp;30 \u00e0 11&nbsp;h&nbsp;00&nbsp;TU&nbsp;! <\/em><\/p>\n\n\n\n\n<\/div>\n\n\n\n<div class=\"rowColumn\">\n<figure class=\"wp-block-image\"><div style=\"position:relative\"><img loading=\"lazy\" decoding=\"async\" width=\"1024\" height=\"763\" src=\"https:\/\/isnextprd.wpengine.com\/wp-content\/uploads\/sites\/15\/2019\/06\/DP-French-1-1024x763.png\" alt=\"\" class=\"aiic-ignore wp-image-1876\" srcset=\"\/wp-content\/uploads\/sites\/15\/2019\/06\/DP-French-1-1024x763.png 1024w, \/wp-content\/uploads\/sites\/15\/2019\/06\/DP-French-1-300x224.png 300w, \/wp-content\/uploads\/sites\/15\/2019\/06\/DP-French-1-768x572.png 768w, \/wp-content\/uploads\/sites\/15\/2019\/06\/DP-French-1-805x600.png 805w, \/wp-content\/uploads\/sites\/15\/2019\/06\/DP-French-1-97x72.png 97w, \/wp-content\/uploads\/sites\/15\/2019\/06\/DP-French-1-193x144.png 193w, \/wp-content\/uploads\/sites\/15\/2019\/06\/DP-French-1-60x45.png 60w, \/wp-content\/uploads\/sites\/15\/2019\/06\/DP-French-1-120x89.png 120w, \/wp-content\/uploads\/sites\/15\/2019\/06\/DP-French-1-200x149.png 200w, \/wp-content\/uploads\/sites\/15\/2019\/06\/DP-French-1-400x298.png 400w, \/wp-content\/uploads\/sites\/15\/2019\/06\/DP-French-1-260x194.png 260w, \/wp-content\/uploads\/sites\/15\/2019\/06\/DP-French-1-520x388.png 520w, \/wp-content\/uploads\/sites\/15\/2019\/06\/DP-French-1-325x242.png 325w, \/wp-content\/uploads\/sites\/15\/2019\/06\/DP-French-1-650x484.png 650w, \/wp-content\/uploads\/sites\/15\/2019\/06\/DP-French-1.png 1025w\" sizes=\"auto, (max-width: 1024px) 100vw, 1024px\" \/><\/div><\/figure>\n<\/div>\n<\/div>\n\n\n\n<div class=\"wp-block-amnesty-core-block-row row layout-1\/2|1\/2\">\n<div class=\"rowColumn\">\n<h3 class=\"wp-block-heading\">7 mai<\/h3>\n\n\n\n<h4 class=\"wp-block-heading\">10 h 00 &#8211; 11 h 30 heure du P\u00e9rou<\/h4>\n\n\n\n<h4 class=\"wp-block-heading\">15 h 00 &#8211; 16 h 30 TU<\/h4>\n\n\n\n<p>Amnesty International lancera plusieurs \u00e9v\u00e9nements publics autour de sa nouvelle strat\u00e9gie (#NextStrategy ) pour d\u00e9battre des plus principaux d\u00e9fis qui se posent pour la d\u00e9fense des droits humains dans le monde d\u2019aujourd\u2019hui. Le premier \u00e9v\u00e9nement sera consacr\u00e9 \u00e0 la bataille des id\u00e9es, et donnera lieu \u00e0 un d\u00e9bat en ligne ainsi qu\u2019\u00e0 un atelier hors ligne qui permettra d\u2019approfondir le sujet.<br>\nD\u2019autres \u00e9v\u00e9nements seront bient\u00f4t ajout\u00e9s, donc n\u2019h\u00e9sitez pas \u00e0 consulter cette rubrique r\u00e9guli\u00e8rement pour en savoir plus.<\/p>\n\n\n\n<div class=\"wp-block-button\"><a class=\"wp-block-button__link\" href=\"https:\/\/www.facebook.com\/AmnistiaAmericas\/?fref=pb&amp;hc_location=profile_browser\">Suivre en direct&nbsp;<\/a><\/div>\n\n\n<\/div>\n\n\n\n<div class=\"rowColumn\"><\/div>\n<\/div>\n<\/div><\/section>\n<\/div><\/section>\n\n<section id=\"section-5443916f\" class=\"section section--tinted\" style=\"\"><div id=\"5443916f\" class=\"container\">\n<section class=\"wp-block-amnesty-core-block-section section section--tinted\"><div class=\"container\">\n<h3 class=\"wp-block-heading\" style=\"text-align:center\">D\u2019autres \u00e9v\u00e9nements seront bient\u00f4t ajout\u00e9s, donc n\u2019h\u00e9sitez pas \u00e0 consulter cette rubrique r\u00e9guli\u00e8rement pour en savoir plus.<\/h3>\n<\/div><\/section>\n<\/div><\/section>","protected":false},"excerpt":{"rendered":"","protected":false},"author":12,"featured_media":1220,"parent":0,"menu_order":0,"comment_status":"closed","ping_status":"closed","template":"templates\/without-sidebar.php","meta":{"_hero_title":"\u00c9V\u00c9NEMENTS","_hero_content":"","_hero_cta_text":"TT","_hero_cta_link":"","_hero_alignment":"","_hero_background":"","_hero_size":"small","_hero_show":"","_hero_type":"","_hero_embed":"","_hero_video_id":0,"_hero_hide_image_caption":true,"_hero_hide_image_copyright":false,"_nav_style":"","_disable_share_icons":true,"_disable_sidebar":true,"_display_author_info":false,"_hide_featured_image":true,"_hide_featured_image_caption":true,"_maximize_post_content":true,"_reduce_content_width":false,"_sidebar_id":0,"_stretch_thumbnail":false,"byline_context":"","byline_entity":"","byline_is_author":false,"disable_related_content":false,"download_id":0,"download_text":"","show_published_date":true,"show_updated_date":true,"term_slider":"","amnesty_index_number":"","recipients":"","recipients_refresh":"","recipients_refreshed":"","footnotes":""},"category":[],"topic":[],"class_list":["post-1454","page","type-page","status-publish","has-post-thumbnail","hentry"],"yoast_head":"<title>\u00c9V\u00c9NEMENTS - PROCHAINE STRAT\u00c9GIE<\/title>\n<meta name=\"robots\" content=\"index, follow, max-snippet:-1, max-image-preview:large, max-video-preview:-1\" \/>\n<meta property=\"og:locale\" content=\"fr_FR\" \/>\n<meta property=\"og:type\" content=\"article\" \/>\n<meta property=\"og:title\" content=\"\u00c9V\u00c9NEMENTS - PROCHAINE STRAT\u00c9GIE\" \/>\n<meta property=\"og:url\" content=\"https:\/\/nextstrategy.amnesty.org\/fr\/evenements\/\" \/>\n<meta property=\"og:site_name\" content=\"PROCHAINE STRAT\u00c9GIE\" \/>\n<meta property=\"article:modified_time\" content=\"2019-06-14T14:39:12+00:00\" \/>\n<meta property=\"og:image\" content=\"https:\/\/nextstrategy.amnesty.org\/wp-content\/uploads\/sites\/15\/2019\/03\/254108.jpg\" \/>\n\t<meta property=\"og:image:width\" content=\"2944\" \/>\n\t<meta property=\"og:image:height\" content=\"1244\" \/>\n\t<meta property=\"og:image:type\" content=\"image\/jpeg\" \/>\n<meta name=\"twitter:card\" content=\"summary_large_image\" \/>\n<script type=\"application\/ld+json\" class=\"yoast-schema-graph\">{\"@context\":\"https:\\\/\\\/schema.org\",\"@graph\":[{\"@type\":\"WebPage\",\"@id\":\"https:\\\/\\\/nextstrategy.amnesty.org\\\/fr\\\/evenements\\\/\",\"url\":\"https:\\\/\\\/nextstrategy.amnesty.org\\\/fr\\\/evenements\\\/\",\"name\":\"\u00c9V\u00c9NEMENTS - PROCHAINE STRAT\u00c9GIE\",\"isPartOf\":{\"@id\":\"https:\\\/\\\/nextstrategy.amnesty.org\\\/fr\\\/#website\"},\"primaryImageOfPage\":{\"@id\":\"https:\\\/\\\/nextstrategy.amnesty.org\\\/fr\\\/evenements\\\/#primaryimage\"},\"image\":{\"@id\":\"https:\\\/\\\/nextstrategy.amnesty.org\\\/fr\\\/evenements\\\/#primaryimage\"},\"thumbnailUrl\":\"\\\/wp-content\\\/uploads\\\/sites\\\/15\\\/2019\\\/03\\\/254108.jpg\",\"datePublished\":\"2019-04-26T09:55:20+00:00\",\"dateModified\":\"2019-06-14T14:39:12+00:00\",\"breadcrumb\":{\"@id\":\"https:\\\/\\\/nextstrategy.amnesty.org\\\/fr\\\/evenements\\\/#breadcrumb\"},\"inLanguage\":\"fr-FR\",\"potentialAction\":[{\"@type\":\"ReadAction\",\"target\":[\"https:\\\/\\\/nextstrategy.amnesty.org\\\/fr\\\/evenements\\\/\"]}]},{\"@type\":\"ImageObject\",\"inLanguage\":\"fr-FR\",\"@id\":\"https:\\\/\\\/nextstrategy.amnesty.org\\\/fr\\\/evenements\\\/#primaryimage\",\"url\":\"\\\/wp-content\\\/uploads\\\/sites\\\/15\\\/2019\\\/03\\\/254108.jpg\",\"contentUrl\":\"\\\/wp-content\\\/uploads\\\/sites\\\/15\\\/2019\\\/03\\\/254108.jpg\",\"width\":2944,\"height\":1244,\"caption\":\"LGBTI activist Vitalina Koval from Ukraine - Canal Parade Amsterdam - Amnesty International in the Netherlands - Photo Credit: Photo Pierre Crom for Amnesty International\"},{\"@type\":\"BreadcrumbList\",\"@id\":\"https:\\\/\\\/nextstrategy.amnesty.org\\\/fr\\\/evenements\\\/#breadcrumb\",\"itemListElement\":[{\"@type\":\"ListItem\",\"position\":1,\"name\":\"Home\",\"item\":\"https:\\\/\\\/nextstrategy.amnesty.org\\\/fr\\\/\"},{\"@type\":\"ListItem\",\"position\":2,\"name\":\"\u00c9V\u00c9NEMENTS\"}]},{\"@type\":\"WebSite\",\"@id\":\"https:\\\/\\\/nextstrategy.amnesty.org\\\/fr\\\/#website\",\"url\":\"https:\\\/\\\/nextstrategy.amnesty.org\\\/fr\\\/\",\"name\":\"PROCHAINE STRAT\u00c9GIE\",\"description\":\"La prochaine strat\u00e9gie mondiale d\u2019Amnesty International\",\"potentialAction\":[{\"@type\":\"SearchAction\",\"target\":{\"@type\":\"EntryPoint\",\"urlTemplate\":\"https:\\\/\\\/nextstrategy.amnesty.org\\\/fr\\\/search\\\/{search_term_string}\\\/\"},\"query-input\":{\"@type\":\"PropertyValueSpecification\",\"valueRequired\":true,\"valueName\":\"search_term_string\"}}],\"inLanguage\":\"fr-FR\"}]}<\/script>","yoast_head_json":{"title":"\u00c9V\u00c9NEMENTS - PROCHAINE STRAT\u00c9GIE","robots":{"index":"index","follow":"follow","max-snippet":"max-snippet:-1","max-image-preview":"max-image-preview:large","max-video-preview":"max-video-preview:-1"},"og_locale":"fr_FR","og_type":"article","og_title":"\u00c9V\u00c9NEMENTS - PROCHAINE STRAT\u00c9GIE","og_url":"https:\/\/nextstrategy.amnesty.org\/fr\/evenements\/","og_site_name":"PROCHAINE STRAT\u00c9GIE","article_modified_time":"2019-06-14T14:39:12+00:00","og_image":[{"width":2944,"height":1244,"url":"https:\/\/nextstrategy.amnesty.org\/wp-content\/uploads\/sites\/15\/2019\/03\/254108.jpg","type":"image\/jpeg"}],"twitter_card":"summary_large_image","schema":{"@context":"https:\/\/schema.org","@graph":[{"@type":"WebPage","@id":"https:\/\/nextstrategy.amnesty.org\/fr\/evenements\/","url":"https:\/\/nextstrategy.amnesty.org\/fr\/evenements\/","name":"\u00c9V\u00c9NEMENTS - PROCHAINE STRAT\u00c9GIE","isPartOf":{"@id":"https:\/\/nextstrategy.amnesty.org\/fr\/#website"},"primaryImageOfPage":{"@id":"https:\/\/nextstrategy.amnesty.org\/fr\/evenements\/#primaryimage"},"image":{"@id":"https:\/\/nextstrategy.amnesty.org\/fr\/evenements\/#primaryimage"},"thumbnailUrl":"\/wp-content\/uploads\/sites\/15\/2019\/03\/254108.jpg","datePublished":"2019-04-26T09:55:20+00:00","dateModified":"2019-06-14T14:39:12+00:00","breadcrumb":{"@id":"https:\/\/nextstrategy.amnesty.org\/fr\/evenements\/#breadcrumb"},"inLanguage":"fr-FR","potentialAction":[{"@type":"ReadAction","target":["https:\/\/nextstrategy.amnesty.org\/fr\/evenements\/"]}]},{"@type":"ImageObject","inLanguage":"fr-FR","@id":"https:\/\/nextstrategy.amnesty.org\/fr\/evenements\/#primaryimage","url":"\/wp-content\/uploads\/sites\/15\/2019\/03\/254108.jpg","contentUrl":"\/wp-content\/uploads\/sites\/15\/2019\/03\/254108.jpg","width":2944,"height":1244,"caption":"LGBTI activist Vitalina Koval from Ukraine - Canal Parade Amsterdam - Amnesty International in the Netherlands - Photo Credit: Photo Pierre Crom for Amnesty International"},{"@type":"BreadcrumbList","@id":"https:\/\/nextstrategy.amnesty.org\/fr\/evenements\/#breadcrumb","itemListElement":[{"@type":"ListItem","position":1,"name":"Home","item":"https:\/\/nextstrategy.amnesty.org\/fr\/"},{"@type":"ListItem","position":2,"name":"\u00c9V\u00c9NEMENTS"}]},{"@type":"WebSite","@id":"https:\/\/nextstrategy.amnesty.org\/fr\/#website","url":"https:\/\/nextstrategy.amnesty.org\/fr\/","name":"PROCHAINE STRAT\u00c9GIE","description":"La prochaine strat\u00e9gie mondiale d\u2019Amnesty International","potentialAction":[{"@type":"SearchAction","target":{"@type":"EntryPoint","urlTemplate":"https:\/\/nextstrategy.amnesty.org\/fr\/search\/{search_term_string}\/"},"query-input":{"@type":"PropertyValueSpecification","valueRequired":true,"valueName":"search_term_string"}}],"inLanguage":"fr-FR"}]}},"_links":{"self":[{"href":"https:\/\/nextstrategy.amnesty.org\/fr\/wp-json\/wp\/v2\/pages\/1454","targetHints":{"allow":["GET"]}}],"collection":[{"href":"https:\/\/nextstrategy.amnesty.org\/fr\/wp-json\/wp\/v2\/pages"}],"about":[{"href":"https:\/\/nextstrategy.amnesty.org\/fr\/wp-json\/wp\/v2\/types\/page"}],"author":[{"embeddable":true,"href":"https:\/\/nextstrategy.amnesty.org\/fr\/wp-json\/wp\/v2\/users\/12"}],"replies":[{"embeddable":true,"href":"https:\/\/nextstrategy.amnesty.org\/fr\/wp-json\/wp\/v2\/comments?post=1454"}],"version-history":[{"count":0,"href":"https:\/\/nextstrategy.amnesty.org\/fr\/wp-json\/wp\/v2\/pages\/1454\/revisions"}],"wp:featuredmedia":[{"embeddable":true,"href":"https:\/\/nextstrategy.amnesty.org\/fr\/wp-json\/wp\/v2\/media\/1220"}],"wp:attachment":[{"href":"https:\/\/nextstrategy.amnesty.org\/fr\/wp-json\/wp\/v2\/media?parent=1454"}],"wp:term":[{"taxonomy":"category","embeddable":true,"href":"https:\/\/nextstrategy.amnesty.org\/fr\/wp-json\/wp\/v2\/category?post=1454"},{"taxonomy":"topic","embeddable":true,"href":"https:\/\/nextstrategy.amnesty.org\/fr\/wp-json\/wp\/v2\/topic?post=1454"}],"curies":[{"name":"wp","href":"https:\/\/api.w.org\/{rel}","templated":true}]}}