{"id":1556,"date":"2019-04-29T09:32:49","date_gmt":"2019-04-29T09:32:49","guid":{"rendered":"http:\/\/isnextprd.wpengine.com\/es\/?page_id=1556"},"modified":"2019-08-29T10:18:43","modified_gmt":"2019-08-29T10:18:43","slug":"home-page-2","status":"publish","type":"page","link":"https:\/\/nextstrategy.amnesty.org\/es\/","title":{"rendered":"P\u00e1gina de inicio"},"content":{"rendered":"<section id=\"section-3b8af051\" class=\"section\" style=\"\"><div id=\"3b8af051\" class=\"container\">\n<section class=\"wp-block-amnesty-core-block-section section\"><div class=\"container\"><div class=\"container\"><div class=\"hero-content\"><\/div><\/div><\/div>\n\n\n\n<\/div><\/section>\n<\/div><\/section>\n\n\n<style>\n.btn--white {\n    border: None;\n    background-color: #ffff00;\n    color: #000;\n    font-size: 1.8em;\n}\n.postlist-categories a {\nborder: none;\n}\n\np.page-heroContent {\n    max-width: 760px;\n}\n\n.postlist-categoriesContainer {\n    margin-top: 0px\n}\n\nbody {\n    font-size: 1.225rem;\n}\n\n<\/style>\n\n\n\n<!-- To use styles apply x classes to each section added -->\n<style> \n.yellow {background-color: #ffff00;}\n.black {background-color: #000000; color:#fff;}\n.black h2 {color: #fff;}\n.darkgrey {background-color: #333333;}\n<\/style>\n\n\n<section id=\"section-e903b525\" class=\"section section--tinted section--small\" style=\"\"><div id=\"e903b525\" class=\"container\">\n<section class=\"wp-block-amnesty-core-block-section section section--tinted section--small\"><div class=\"container\">\n<h2 class=\"wp-block-heading\" style=\"text-align:center\">Lograr que Amnist\u00eda se adecue realmente al prop\u00f3sito de hacer frente a los desaf\u00edos de nuestro tiempo.<\/h2>\n<\/div><\/section>\n<\/div><\/section>\n\n<section id=\"section-5cf09bb7\" class=\"section section--small\" style=\"\"><div id=\"5cf09bb7\" class=\"container\">\n<section class=\"wp-block-amnesty-core-block-section section section--small black\"><div class=\"container\"><section class=\"postlist-categoriesContainer \" data-slider><nav><ul class=\"postlist-categories\" aria-label=\"Lista de categor\u00edas\"><li id=\"menu-item-1483\" class=\"menu-item menu-item-type-post_type menu-item-object-page menu-item-1483\"><a href=\"https:\/\/nextstrategy.amnesty.org\/es\/events\/\" class=\"btn btn--white\">EVENTOS<\/a><\/li><li id=\"menu-item-1484\" class=\"menu-item menu-item-type-post_type menu-item-object-page menu-item-1484\"><a href=\"https:\/\/nextstrategy.amnesty.org\/es\/survey\/\" class=\"btn btn--white\">RESPONDE LA ENCUESTA<\/a><\/li><li id=\"menu-item-1847\" class=\"menu-item menu-item-type-post_type menu-item-object-page menu-item-1847\"><a href=\"https:\/\/nextstrategy.amnesty.org\/es\/blogs\/\" class=\"btn btn--white\">BLOGS<\/a><\/li><\/ul><\/nav><button data-slider-prev disabled>Previous<\/button><button data-slider-next>Next<\/button><\/section><\/div><\/section>\n<\/div><\/section>\n\n<section id=\"section-d08f79ab\" class=\"section section--small\" style=\"\"><div id=\"d08f79ab\" class=\"container\">\n<section class=\"wp-block-amnesty-core-block-section section section--small black\"><div class=\"container\">\n<div class=\"wp-block-amnesty-core-block-row row layout-2\/3|1\/3\">\n<div class=\"rowColumn\">\n<figure class=\"wp-block-embed-youtube wp-block-embed is-type-video is-provider-youtube wp-embed-aspect-16-9 wp-has-aspect-ratio\"><div class=\"wp-block-embed__wrapper\">\n<iframe loading=\"lazy\" title=\"Kumi Challenges External\" width=\"500\" height=\"281\" src=\"https:\/\/www.youtube.com\/embed\/KNd1ftBcjc8?feature=oembed\" frameborder=\"0\" allow=\"accelerometer; autoplay; clipboard-write; encrypted-media; gyroscope; picture-in-picture; web-share\" referrerpolicy=\"strict-origin-when-cross-origin\" allowfullscreen><\/iframe>\n<\/div><\/figure>\n<\/div>\n\n\n\n<div class=\"rowColumn\">\n\n\n\n<blockquote class=\"blockquote is-lined\"><p>UNA AMNIST\u00cdA MAYOR, M\u00c1S AUDAZ Y M\u00c1S INCLUSIVA.<\/p>\n<cite>Kumi Naidoo, secretario general<\/cite><\/blockquote><\/div>\n<\/div>\n<\/div><\/section>\n<\/div><\/section>\n\n<figure class=\"responsive-iframe wp-block-embed \" ><div class=\"fluid-iframe\" style=\"min-height: 350px;\"><iframe src=\"https:\/\/www.facebook.com\/amnestyglobal\/\" title=\"\" frameborder=\"0\"><\/iframe><\/div><\/figure>\n\n<section id=\"section-65cd3235\" class=\"section section--small\" style=\"\"><div id=\"65cd3235\" class=\"container\">\n<section class=\"wp-block-amnesty-core-block-section section section--small\"><div class=\"container\">\n<h2 class=\"wp-block-heading\" style=\"text-align:center\">\u00bfC\u00d3MO SE PUEDE PARTICIPAR? <\/h2>\n<\/div><\/section>\n<\/div><\/section>\n\n<section id=\"section-ac887f83\" class=\"section\" style=\"\"><div id=\"ac887f83\" class=\"container\">\n<section class=\"wp-block-amnesty-core-block-section section\"><div class=\"container\">\n<div class=\"linksWithIcons-group is-horizontal has-3-items\">\n<div class=\"linksWithIcons\"><div class=\"linksWithIcons-title\">PR\u00d3XIMOS EVENTOS<\/div><div class=\"linksWithIcons-imageWrapper is-large\"><img decoding=\"async\" class=\"linksWithIcons-image\" src=\"https:\/\/nextstrategy.amnesty.org\/es\/wp-content\/uploads\/sites\/9\/2019\/03\/211577.png\" alt=\"\"\/><\/div><div class=\"linksWithIcons-body\">Celebraremos en directo eventos sobre la #pr\u00f3ximaestrategia en todo el mundo que contar\u00e1n con la participaci\u00f3n de destacadas y destacados ponentes a fin debatir y generar ideas para la nueva estrategia de Amnist\u00eda Internacional. Los eventos se retransmitir\u00e1n en directo.<br><strong>7 de Mayo: GANANDO LA BATALLA DE LAS IDEAS<\/strong><\/div><a class=\"btn btn--white\" href=\"https:\/\/isnextprd.wpengine.com\/es\/events\/\">VER EVENTOS<\/a><\/div><div class=\"linksWithIcons-spacer\"><\/div>\n\n\n\n<div class=\"linksWithIcons\"><div class=\"linksWithIcons-title\">RESULTADOS DE LA ENCUESTA<br><\/div><div class=\"linksWithIcons-imageWrapper is-large\"><img decoding=\"async\" class=\"linksWithIcons-image\" src=\"https:\/\/nextstrategy.amnesty.org\/wp-content\/uploads\/sites\/9\/2019\/03\/211479.png\" alt=\"\"\/><\/div><div class=\"linksWithIcons-body\">El 6 de mayo, realizaremos una encuesta global de generaci\u00f3n de ideas en una plataforma participativa llamada Pol.is. \u00danete a la conversaci\u00f3n online para proponer ideas para la nueva estrategia de Amnist\u00eda Internacional, y vota (S\u00ed\/No\/No contesto) las ideas propuestas por otras personas.<br><br><\/div><a class=\"btn btn--white\" href=\"https:\/\/isnextprd.wpengine.com\/es\/survey\/\">RESULTADOS DE LA ENCUESTA<\/a><\/div><div class=\"linksWithIcons-spacer\"><\/div>\n\n\n\n<div class=\"linksWithIcons\"><div class=\"linksWithIcons-title\"><strong>BLOGS<\/strong><\/div><div class=\"linksWithIcons-imageWrapper\"><img decoding=\"async\" class=\"linksWithIcons-image\" src=\"https:\/\/nextstrategy.amnesty.org\/wp-content\/uploads\/sites\/9\/2019\/03\/211526.png\" alt=\"\"\/><\/div><div class=\"linksWithIcons-body\">Mantente al d\u00eda de las reflexiones y propuestas de dise\u00f1o provocativo m\u00e1s recientes que configurar\u00e1n la futura amnist\u00eda<\/div><a class=\"btn btn--white\" href=\"https:\/\/isnextprd.wpengine.com\/es\/blogs\/\">blogs<\/a><\/div><div class=\"linksWithIcons-spacer\"><\/div>\n<\/div>\n<\/div><\/section>\n<\/div><\/section>\n\n<style>#banner-6097d293{background-image:url(\"\/wp-content\/uploads\/sites\/9\/2019\/03\/251240.jpg\")}@media screen and (min-width:770px){#banner-6097d293{background-image:url(\"\/wp-content\/uploads\/sites\/9\/2019\/03\/251240.jpg\")}}@media screen and (min-width:1444px){#banner-6097d293{background-image:url(\"\/wp-content\/uploads\/sites\/9\/2019\/03\/251240.jpg\")}}<\/style><div id=\"banner-6097d293\" class=\"page-hero headerBlock page-heroSize--small page-heroAlignment--none page-heroBackground--dark\" role=\"region\"><div class=\"container\"><div class=\"hero-content\"><h1 class=\"page-heroTitle\"><span>\u00bfEres un grupo afiliado o una entidad de Amnist\u00eda Internacional?<\/span><\/h1><p class=\"page-heroContent\">Las Secciones y Oficinas Nacionales de Amnist\u00eda, las Oficinas Regionales y Programas Globales del Secretariado Internacional y las Redes y Grupos Globales o interorganizacionales realizar\u00e1n una propuesta oficial para la estrategia. Tu director o directora habr\u00e1 recibido un correo electr\u00f3nico con informaci\u00f3n detallada.<\/p><div class=\"page-heroCta\"><a class=\"btn btn--large\" href=\"mailto:globalstrategy@amnesty.org\">CONTACTAR<\/a><\/div><\/div><div class=\"image-metadata is-image\"><\/div><\/div><\/div>","protected":false},"excerpt":{"rendered":"","protected":false},"author":5,"featured_media":1285,"parent":0,"menu_order":0,"comment_status":"closed","ping_status":"closed","template":"templates\/without-sidebar.php","meta":{"_hero_title":"PR\u00d3XIMA ESTRATEGIA","_hero_content":"Estamos creando la pr\u00f3xima estrategia global de Amnist\u00eda. Una que responda a los principales desaf\u00edos de nuestro tiempo, y que nos permita adaptar nuestras t\u00e1cticas al mundo cambiante que nos rodea. ","_hero_cta_text":"PARTICIPAR","_hero_cta_link":"https:\/\/isnextprd.wpengine.com\/es\/survey\/","_hero_alignment":"","_hero_background":"","_hero_size":"small","_hero_show":"","_hero_type":"","_hero_embed":"","_hero_video_id":0,"_hero_hide_image_caption":true,"_hero_hide_image_copyright":false,"_nav_style":"transparent-light","_disable_share_icons":true,"_disable_sidebar":true,"_display_author_info":false,"_hide_featured_image":true,"_hide_featured_image_caption":true,"_maximize_post_content":true,"_reduce_content_width":false,"_sidebar_id":0,"_stretch_thumbnail":false,"byline_context":"","byline_entity":"","byline_is_author":false,"disable_related_content":false,"download_id":0,"download_text":"","show_published_date":true,"show_updated_date":true,"term_slider":"","amnesty_index_number":"","recipients":"","recipients_refresh":"","recipients_refreshed":"","footnotes":""},"category":[],"topic":[],"class_list":["post-1556","page","type-page","status-publish","has-post-thumbnail","hentry"],"yoast_head":"<title>P\u00e1gina de inicio - Pr\u00f3xima Estrategia<\/title>\n<meta name=\"description\" content=\"More information on Amnesty International&#039;s next global strategy coming soon.\" \/>\n<meta name=\"robots\" content=\"index, follow, max-snippet:-1, max-image-preview:large, max-video-preview:-1\" \/>\n<link rel=\"canonical\" href=\"https:\/\/nextstrategy.amnesty.org\/es\/\" \/>\n<meta property=\"og:locale\" content=\"es_ES\" \/>\n<meta property=\"og:type\" content=\"article\" \/>\n<meta property=\"og:title\" content=\"Amnesty&#039;s Next Global Strategy\" \/>\n<meta property=\"og:description\" content=\"Find out more\" \/>\n<meta property=\"og:url\" content=\"https:\/\/nextstrategy.amnesty.org\/es\/\" \/>\n<meta property=\"og:site_name\" content=\"Pr\u00f3xima Estrategia\" \/>\n<meta property=\"article:modified_time\" content=\"2019-08-29T10:18:43+00:00\" \/>\n<meta property=\"og:image\" content=\"https:\/\/nextstrategy.amnesty.org\/wp-content\/uploads\/sites\/9\/2019\/03\/251328Darkened.jpg\" \/>\n\t<meta property=\"og:image:width\" content=\"2944\" \/>\n\t<meta property=\"og:image:height\" content=\"1244\" \/>\n\t<meta property=\"og:image:type\" content=\"image\/jpeg\" \/>\n<meta name=\"twitter:card\" content=\"summary_large_image\" \/>\n<script type=\"application\/ld+json\" class=\"yoast-schema-graph\">{\"@context\":\"https:\\\/\\\/schema.org\",\"@graph\":[{\"@type\":\"WebPage\",\"@id\":\"https:\\\/\\\/nextstrategy.amnesty.org\\\/es\\\/\",\"url\":\"https:\\\/\\\/nextstrategy.amnesty.org\\\/es\\\/\",\"name\":\"P\u00e1gina de inicio - Pr\u00f3xima Estrategia\",\"isPartOf\":{\"@id\":\"https:\\\/\\\/nextstrategy.amnesty.org\\\/es\\\/#website\"},\"primaryImageOfPage\":{\"@id\":\"https:\\\/\\\/nextstrategy.amnesty.org\\\/es\\\/#primaryimage\"},\"image\":{\"@id\":\"https:\\\/\\\/nextstrategy.amnesty.org\\\/es\\\/#primaryimage\"},\"thumbnailUrl\":\"\\\/wp-content\\\/uploads\\\/sites\\\/9\\\/2019\\\/03\\\/251328Darkened.jpg\",\"datePublished\":\"2019-04-29T09:32:49+00:00\",\"dateModified\":\"2019-08-29T10:18:43+00:00\",\"description\":\"More information on Amnesty International's next global strategy coming soon.\",\"breadcrumb\":{\"@id\":\"https:\\\/\\\/nextstrategy.amnesty.org\\\/es\\\/#breadcrumb\"},\"inLanguage\":\"es\",\"potentialAction\":[{\"@type\":\"ReadAction\",\"target\":[\"https:\\\/\\\/nextstrategy.amnesty.org\\\/es\\\/\"]}]},{\"@type\":\"ImageObject\",\"inLanguage\":\"es\",\"@id\":\"https:\\\/\\\/nextstrategy.amnesty.org\\\/es\\\/#primaryimage\",\"url\":\"\\\/wp-content\\\/uploads\\\/sites\\\/9\\\/2019\\\/03\\\/251328Darkened.jpg\",\"contentUrl\":\"\\\/wp-content\\\/uploads\\\/sites\\\/9\\\/2019\\\/03\\\/251328Darkened.jpg\",\"width\":2944,\"height\":1244,\"caption\":\"Assembly General Meeting 2018 of AI Swiss Section held at the Congress Center of the Universal Postal Union (UPU) in Berne, Switzerland, 5-6 may 2018, Amnesty YOUTH activist.\"},{\"@type\":\"BreadcrumbList\",\"@id\":\"https:\\\/\\\/nextstrategy.amnesty.org\\\/es\\\/#breadcrumb\",\"itemListElement\":[{\"@type\":\"ListItem\",\"position\":1,\"name\":\"Home\",\"item\":\"https:\\\/\\\/nextstrategy.amnesty.org\\\/es\\\/\"},{\"@type\":\"ListItem\",\"position\":2,\"name\":\"P\u00e1gina de inicio\"}]},{\"@type\":\"WebSite\",\"@id\":\"https:\\\/\\\/nextstrategy.amnesty.org\\\/es\\\/#website\",\"url\":\"https:\\\/\\\/nextstrategy.amnesty.org\\\/es\\\/\",\"name\":\"Pr\u00f3xima Estrategia\",\"description\":\"Pr\u00f3xima Estrategia Amnist\u00eda Internacional\",\"potentialAction\":[{\"@type\":\"SearchAction\",\"target\":{\"@type\":\"EntryPoint\",\"urlTemplate\":\"https:\\\/\\\/nextstrategy.amnesty.org\\\/es\\\/search\\\/{search_term_string}\\\/\"},\"query-input\":{\"@type\":\"PropertyValueSpecification\",\"valueRequired\":true,\"valueName\":\"search_term_string\"}}],\"inLanguage\":\"es\"}]}<\/script>","yoast_head_json":{"title":"P\u00e1gina de inicio - Pr\u00f3xima Estrategia","description":"More information on Amnesty International's next global strategy coming soon.","robots":{"index":"index","follow":"follow","max-snippet":"max-snippet:-1","max-image-preview":"max-image-preview:large","max-video-preview":"max-video-preview:-1"},"canonical":"https:\/\/nextstrategy.amnesty.org\/es\/","og_locale":"es_ES","og_type":"article","og_title":"Amnesty's Next Global Strategy","og_description":"Find out more","og_url":"https:\/\/nextstrategy.amnesty.org\/es\/","og_site_name":"Pr\u00f3xima Estrategia","article_modified_time":"2019-08-29T10:18:43+00:00","og_image":[{"width":2944,"height":1244,"url":"https:\/\/nextstrategy.amnesty.org\/wp-content\/uploads\/sites\/9\/2019\/03\/251328Darkened.jpg","type":"image\/jpeg"}],"twitter_card":"summary_large_image","schema":{"@context":"https:\/\/schema.org","@graph":[{"@type":"WebPage","@id":"https:\/\/nextstrategy.amnesty.org\/es\/","url":"https:\/\/nextstrategy.amnesty.org\/es\/","name":"P\u00e1gina de inicio - Pr\u00f3xima Estrategia","isPartOf":{"@id":"https:\/\/nextstrategy.amnesty.org\/es\/#website"},"primaryImageOfPage":{"@id":"https:\/\/nextstrategy.amnesty.org\/es\/#primaryimage"},"image":{"@id":"https:\/\/nextstrategy.amnesty.org\/es\/#primaryimage"},"thumbnailUrl":"\/wp-content\/uploads\/sites\/9\/2019\/03\/251328Darkened.jpg","datePublished":"2019-04-29T09:32:49+00:00","dateModified":"2019-08-29T10:18:43+00:00","description":"More information on Amnesty International's next global strategy coming soon.","breadcrumb":{"@id":"https:\/\/nextstrategy.amnesty.org\/es\/#breadcrumb"},"inLanguage":"es","potentialAction":[{"@type":"ReadAction","target":["https:\/\/nextstrategy.amnesty.org\/es\/"]}]},{"@type":"ImageObject","inLanguage":"es","@id":"https:\/\/nextstrategy.amnesty.org\/es\/#primaryimage","url":"\/wp-content\/uploads\/sites\/9\/2019\/03\/251328Darkened.jpg","contentUrl":"\/wp-content\/uploads\/sites\/9\/2019\/03\/251328Darkened.jpg","width":2944,"height":1244,"caption":"Assembly General Meeting 2018 of AI Swiss Section held at the Congress Center of the Universal Postal Union (UPU) in Berne, Switzerland, 5-6 may 2018, Amnesty YOUTH activist."},{"@type":"BreadcrumbList","@id":"https:\/\/nextstrategy.amnesty.org\/es\/#breadcrumb","itemListElement":[{"@type":"ListItem","position":1,"name":"Home","item":"https:\/\/nextstrategy.amnesty.org\/es\/"},{"@type":"ListItem","position":2,"name":"P\u00e1gina de inicio"}]},{"@type":"WebSite","@id":"https:\/\/nextstrategy.amnesty.org\/es\/#website","url":"https:\/\/nextstrategy.amnesty.org\/es\/","name":"Pr\u00f3xima Estrategia","description":"Pr\u00f3xima Estrategia Amnist\u00eda Internacional","potentialAction":[{"@type":"SearchAction","target":{"@type":"EntryPoint","urlTemplate":"https:\/\/nextstrategy.amnesty.org\/es\/search\/{search_term_string}\/"},"query-input":{"@type":"PropertyValueSpecification","valueRequired":true,"valueName":"search_term_string"}}],"inLanguage":"es"}]}},"_links":{"self":[{"href":"https:\/\/nextstrategy.amnesty.org\/es\/wp-json\/wp\/v2\/pages\/1556","targetHints":{"allow":["GET"]}}],"collection":[{"href":"https:\/\/nextstrategy.amnesty.org\/es\/wp-json\/wp\/v2\/pages"}],"about":[{"href":"https:\/\/nextstrategy.amnesty.org\/es\/wp-json\/wp\/v2\/types\/page"}],"author":[{"embeddable":true,"href":"https:\/\/nextstrategy.amnesty.org\/es\/wp-json\/wp\/v2\/users\/5"}],"replies":[{"embeddable":true,"href":"https:\/\/nextstrategy.amnesty.org\/es\/wp-json\/wp\/v2\/comments?post=1556"}],"version-history":[{"count":0,"href":"https:\/\/nextstrategy.amnesty.org\/es\/wp-json\/wp\/v2\/pages\/1556\/revisions"}],"wp:featuredmedia":[{"embeddable":true,"href":"https:\/\/nextstrategy.amnesty.org\/es\/wp-json\/wp\/v2\/media\/1285"}],"wp:attachment":[{"href":"https:\/\/nextstrategy.amnesty.org\/es\/wp-json\/wp\/v2\/media?parent=1556"}],"wp:term":[{"taxonomy":"category","embeddable":true,"href":"https:\/\/nextstrategy.amnesty.org\/es\/wp-json\/wp\/v2\/category?post=1556"},{"taxonomy":"topic","embeddable":true,"href":"https:\/\/nextstrategy.amnesty.org\/es\/wp-json\/wp\/v2\/topic?post=1556"}],"curies":[{"name":"wp","href":"https:\/\/api.w.org\/{rel}","templated":true}]}}