{"id":1297,"date":"2019-03-14T16:11:35","date_gmt":"2019-03-14T16:11:35","guid":{"rendered":"http:\/\/isnextprd.wpengine.com\/es\/?page_id=1297"},"modified":"2019-04-26T15:20:06","modified_gmt":"2019-04-26T15:20:06","slug":"news-room","status":"publish","type":"page","link":"https:\/\/nextstrategy.amnesty.org\/es\/news-room\/","title":{"rendered":"NEWS ROOM"},"content":{"rendered":"<section id=\"section-73fe4b7d\" class=\"section section--tinted section--small\" style=\"\"><div id=\"73fe4b7d\" class=\"container\">\n<section class=\"wp-block-amnesty-core-block-section section section--tinted section--small\"><div class=\"container\">\n<div class=\"wp-block-amnesty-core-block-row row layout-1\/2|1\/2\">\n<div class=\"rowColumn\"><style>#banner-63fb1bbd{background-image:url(\"\/wp-content\/uploads\/sites\/9\/2019\/03\/256558.jpg\")}@media screen and (min-width:770px){#banner-63fb1bbd{background-image:url(\"\/wp-content\/uploads\/sites\/9\/2019\/03\/256558.jpg\")}}@media screen and (min-width:1444px){#banner-63fb1bbd{background-image:url(\"\/wp-content\/uploads\/sites\/9\/2019\/03\/256558.jpg\")}}<\/style><div id=\"banner-63fb1bbd\" class=\"page-hero headerBlock page-heroSize--small page-heroAlignment--none page-heroBackground--dark\" role=\"region\"><div class=\"container\"><div class=\"hero-content\"><h1 class=\"page-heroTitle\"><span>Promoted news<\/span><\/h1><p class=\"page-heroContent\">A place to promote the key stories.<\/p><div class=\"page-heroCta\"><a class=\"btn btn--large\" href=\"#\">READ MORE<\/a><\/div><\/div><div class=\"image-metadata is-image\"><\/div><\/div><\/div><\/div>\n\n\n\n<div class=\"rowColumn\"><style>#banner-a5d63ec1{background-image:url(\"\/wp-content\/uploads\/sites\/9\/2019\/03\/218298.jpg\")}@media screen and (min-width:770px){#banner-a5d63ec1{background-image:url(\"\/wp-content\/uploads\/sites\/9\/2019\/03\/218298.jpg\")}}@media screen and (min-width:1444px){#banner-a5d63ec1{background-image:url(\"\/wp-content\/uploads\/sites\/9\/2019\/03\/218298.jpg\")}}<\/style><div id=\"banner-a5d63ec1\" class=\"page-hero headerBlock page-heroSize--small page-heroAlignment--none page-heroBackground--dark\" role=\"region\"><div class=\"container\"><div class=\"hero-content\"><h1 class=\"page-heroTitle\"><span>Promoted news\u00a0<\/span><\/h1><p class=\"page-heroContent\">A place to promote the key stories.<\/p><div class=\"page-heroCta\"><a class=\"btn btn--large\" href=\"#\">READ MORE<\/a><\/div><\/div><div class=\"image-metadata is-image\"><\/div><\/div><\/div><\/div>\n<\/div>\n\n\n\n\n<\/div><\/section>\n<\/div><\/section>\n\n<section id=\"section-d4403499\" class=\"section section--small\" style=\"\"><div id=\"d4403499\" class=\"container\">\n<section class=\"wp-block-amnesty-core-block-section section section--small\"><div class=\"container\">\n<h2 class=\"wp-block-heading\" style=\"text-align:center\">Press and campaigns news<\/h2>\n\n\n\n<div class=\"wp-block-amnesty-core-block-row row layout-2\/3|1\/3\">\n<div class=\"rowColumn\"><\/div>\n\n\n\n<div class=\"rowColumn\"><\/div>\n<\/div>\n<\/div><\/section>\n<\/div><\/section>\n\n<section id=\"section-04f29dd1\" class=\"section section--small\" style=\"\"><div id=\"04f29dd1\" class=\"container\">\n<section class=\"wp-block-amnesty-core-block-section section section--small\"><div class=\"container\">\n<h2 class=\"wp-block-heading\" style=\"text-align:center\">Latest research<\/h2>\n\n\n<\/div><\/section>\n<\/div><\/section>\n\n<section id=\"section-993559ff\" class=\"section\" style=\"\"><div id=\"993559ff\" class=\"container\">\n<section class=\"wp-block-amnesty-core-block-section section\"><div class=\"container\">\n<div class=\"wp-block-button aligncenter is-style-dark\"><a class=\"wp-block-button__link\">ALL PRESS RELEASES, CAMPAIGNS AND RESEARCH<\/a><\/div>\n<\/div><\/section>\n<\/div><\/section>","protected":false},"excerpt":{"rendered":"","protected":false},"author":5,"featured_media":0,"parent":0,"menu_order":0,"comment_status":"closed","ping_status":"closed","template":"templates\/without-sidebar.php","meta":{"_hero_title":"","_hero_content":"","_hero_cta_text":"","_hero_cta_link":"","_hero_alignment":"","_hero_background":"","_hero_size":"","_hero_show":"","_hero_type":"","_hero_embed":"","_hero_video_id":0,"_hero_hide_image_caption":true,"_hero_hide_image_copyright":false,"_nav_style":"","_disable_share_icons":true,"_disable_sidebar":true,"_display_author_info":false,"_hide_featured_image":true,"_hide_featured_image_caption":true,"_maximize_post_content":true,"_reduce_content_width":false,"_sidebar_id":0,"_stretch_thumbnail":false,"byline_context":"","byline_entity":"","byline_is_author":false,"disable_related_content":false,"download_id":0,"download_text":"","show_published_date":true,"show_updated_date":true,"term_slider":"","amnesty_index_number":"","recipients":"","recipients_refresh":"","recipients_refreshed":"","footnotes":""},"category":[],"topic":[],"class_list":["post-1297","page","type-page","status-publish","hentry"],"yoast_head":"<title>NEWS ROOM - Pr\u00f3xima Estrategia<\/title>\n<meta name=\"robots\" content=\"index, follow, max-snippet:-1, max-image-preview:large, max-video-preview:-1\" \/>\n<link rel=\"canonical\" href=\"https:\/\/nextstrategy.amnesty.org\/es\/news-room\/\" \/>\n<meta property=\"og:locale\" content=\"es_ES\" \/>\n<meta property=\"og:type\" content=\"article\" \/>\n<meta property=\"og:title\" content=\"NEWS ROOM - Pr\u00f3xima Estrategia\" \/>\n<meta property=\"og:url\" content=\"https:\/\/nextstrategy.amnesty.org\/es\/news-room\/\" \/>\n<meta property=\"og:site_name\" content=\"Pr\u00f3xima Estrategia\" \/>\n<meta property=\"article:modified_time\" content=\"2019-04-26T15:20:06+00:00\" \/>\n<meta name=\"twitter:card\" content=\"summary_large_image\" \/>\n<script type=\"application\/ld+json\" class=\"yoast-schema-graph\">{\"@context\":\"https:\\\/\\\/schema.org\",\"@graph\":[{\"@type\":\"WebPage\",\"@id\":\"https:\\\/\\\/nextstrategy.amnesty.org\\\/es\\\/news-room\\\/\",\"url\":\"https:\\\/\\\/nextstrategy.amnesty.org\\\/es\\\/news-room\\\/\",\"name\":\"NEWS ROOM - Pr\u00f3xima Estrategia\",\"isPartOf\":{\"@id\":\"https:\\\/\\\/nextstrategy.amnesty.org\\\/es\\\/#website\"},\"datePublished\":\"2019-03-14T16:11:35+00:00\",\"dateModified\":\"2019-04-26T15:20:06+00:00\",\"breadcrumb\":{\"@id\":\"https:\\\/\\\/nextstrategy.amnesty.org\\\/es\\\/news-room\\\/#breadcrumb\"},\"inLanguage\":\"es\",\"potentialAction\":[{\"@type\":\"ReadAction\",\"target\":[\"https:\\\/\\\/nextstrategy.amnesty.org\\\/es\\\/news-room\\\/\"]}]},{\"@type\":\"BreadcrumbList\",\"@id\":\"https:\\\/\\\/nextstrategy.amnesty.org\\\/es\\\/news-room\\\/#breadcrumb\",\"itemListElement\":[{\"@type\":\"ListItem\",\"position\":1,\"name\":\"Home\",\"item\":\"https:\\\/\\\/nextstrategy.amnesty.org\\\/es\\\/\"},{\"@type\":\"ListItem\",\"position\":2,\"name\":\"NEWS ROOM\"}]},{\"@type\":\"WebSite\",\"@id\":\"https:\\\/\\\/nextstrategy.amnesty.org\\\/es\\\/#website\",\"url\":\"https:\\\/\\\/nextstrategy.amnesty.org\\\/es\\\/\",\"name\":\"Pr\u00f3xima Estrategia\",\"description\":\"Pr\u00f3xima Estrategia Amnist\u00eda Internacional\",\"potentialAction\":[{\"@type\":\"SearchAction\",\"target\":{\"@type\":\"EntryPoint\",\"urlTemplate\":\"https:\\\/\\\/nextstrategy.amnesty.org\\\/es\\\/search\\\/{search_term_string}\\\/\"},\"query-input\":{\"@type\":\"PropertyValueSpecification\",\"valueRequired\":true,\"valueName\":\"search_term_string\"}}],\"inLanguage\":\"es\"}]}<\/script>","yoast_head_json":{"title":"NEWS ROOM - Pr\u00f3xima Estrategia","robots":{"index":"index","follow":"follow","max-snippet":"max-snippet:-1","max-image-preview":"max-image-preview:large","max-video-preview":"max-video-preview:-1"},"canonical":"https:\/\/nextstrategy.amnesty.org\/es\/news-room\/","og_locale":"es_ES","og_type":"article","og_title":"NEWS ROOM - Pr\u00f3xima Estrategia","og_url":"https:\/\/nextstrategy.amnesty.org\/es\/news-room\/","og_site_name":"Pr\u00f3xima Estrategia","article_modified_time":"2019-04-26T15:20:06+00:00","twitter_card":"summary_large_image","schema":{"@context":"https:\/\/schema.org","@graph":[{"@type":"WebPage","@id":"https:\/\/nextstrategy.amnesty.org\/es\/news-room\/","url":"https:\/\/nextstrategy.amnesty.org\/es\/news-room\/","name":"NEWS ROOM - Pr\u00f3xima Estrategia","isPartOf":{"@id":"https:\/\/nextstrategy.amnesty.org\/es\/#website"},"datePublished":"2019-03-14T16:11:35+00:00","dateModified":"2019-04-26T15:20:06+00:00","breadcrumb":{"@id":"https:\/\/nextstrategy.amnesty.org\/es\/news-room\/#breadcrumb"},"inLanguage":"es","potentialAction":[{"@type":"ReadAction","target":["https:\/\/nextstrategy.amnesty.org\/es\/news-room\/"]}]},{"@type":"BreadcrumbList","@id":"https:\/\/nextstrategy.amnesty.org\/es\/news-room\/#breadcrumb","itemListElement":[{"@type":"ListItem","position":1,"name":"Home","item":"https:\/\/nextstrategy.amnesty.org\/es\/"},{"@type":"ListItem","position":2,"name":"NEWS ROOM"}]},{"@type":"WebSite","@id":"https:\/\/nextstrategy.amnesty.org\/es\/#website","url":"https:\/\/nextstrategy.amnesty.org\/es\/","name":"Pr\u00f3xima Estrategia","description":"Pr\u00f3xima Estrategia Amnist\u00eda Internacional","potentialAction":[{"@type":"SearchAction","target":{"@type":"EntryPoint","urlTemplate":"https:\/\/nextstrategy.amnesty.org\/es\/search\/{search_term_string}\/"},"query-input":{"@type":"PropertyValueSpecification","valueRequired":true,"valueName":"search_term_string"}}],"inLanguage":"es"}]}},"_links":{"self":[{"href":"https:\/\/nextstrategy.amnesty.org\/es\/wp-json\/wp\/v2\/pages\/1297","targetHints":{"allow":["GET"]}}],"collection":[{"href":"https:\/\/nextstrategy.amnesty.org\/es\/wp-json\/wp\/v2\/pages"}],"about":[{"href":"https:\/\/nextstrategy.amnesty.org\/es\/wp-json\/wp\/v2\/types\/page"}],"author":[{"embeddable":true,"href":"https:\/\/nextstrategy.amnesty.org\/es\/wp-json\/wp\/v2\/users\/5"}],"replies":[{"embeddable":true,"href":"https:\/\/nextstrategy.amnesty.org\/es\/wp-json\/wp\/v2\/comments?post=1297"}],"version-history":[{"count":0,"href":"https:\/\/nextstrategy.amnesty.org\/es\/wp-json\/wp\/v2\/pages\/1297\/revisions"}],"wp:attachment":[{"href":"https:\/\/nextstrategy.amnesty.org\/es\/wp-json\/wp\/v2\/media?parent=1297"}],"wp:term":[{"taxonomy":"category","embeddable":true,"href":"https:\/\/nextstrategy.amnesty.org\/es\/wp-json\/wp\/v2\/category?post=1297"},{"taxonomy":"topic","embeddable":true,"href":"https:\/\/nextstrategy.amnesty.org\/es\/wp-json\/wp\/v2\/topic?post=1297"}],"curies":[{"name":"wp","href":"https:\/\/api.w.org\/{rel}","templated":true}]}}